{"id":2441,"date":"2021-06-02T12:16:25","date_gmt":"2021-06-02T10:16:25","guid":{"rendered":"https:\/\/www.thueringer-landfrauenverband.info\/?page_id=2441"},"modified":"2024-03-11T14:46:03","modified_gmt":"2024-03-11T12:46:03","slug":"landfrauen-bieten-an","status":"publish","type":"page","link":"https:\/\/www.thueringer-landfrauenverband.info\/?page_id=2441","title":{"rendered":"LandFrauen bieten an"},"content":{"rendered":"<p>[et_pb_section fb_built=&#8220;1&#8243; next_background_color=&#8220;#ffffff&#8220; admin_label=&#8220;Hero&#8220; _builder_version=&#8220;4.16&#8243; background_color=&#8220;rgba(0,96,153,0.21)&#8220; background_color_gradient_direction=&#8220;271deg&#8220; custom_margin=&#8220;||17px|||&#8220; custom_padding=&#8220;0px||87px||false|false&#8220; bottom_divider_style=&#8220;curve&#8220; border_width_top=&#8220;2px&#8220; border_color_top=&#8220;#0c71c3&#8243; global_colors_info=&#8220;{}&#8220;][et_pb_row column_structure=&#8220;1_2,1_2&#8243; make_equal=&#8220;on&#8220; _builder_version=&#8220;4.24.0&#8243; background_size=&#8220;initial&#8220; background_position=&#8220;top_left&#8220; background_repeat=&#8220;repeat&#8220; width=&#8220;85%&#8220; max_width=&#8220;100%&#8220; custom_margin=&#8220;|||&#8220; custom_padding=&#8220;|||&#8220; hover_enabled=&#8220;0&#8243; use_custom_width=&#8220;on&#8220; width_unit=&#8220;off&#8220; custom_width_percent=&#8220;100%&#8220; global_colors_info=&#8220;{}&#8220; title_text=&#8220;summer-2404769_1920&#8243; background_image=&#8220;https:\/\/www.thueringer-landfrauenverband.info\/wp-content\/uploads\/2023\/06\/summer-2404769_1920-e1686557660636.jpg&#8220; sticky_enabled=&#8220;0&#8243;][et_pb_column type=&#8220;1_2&#8243; _builder_version=&#8220;4.16&#8243; custom_padding=&#8220;60px|0px|100px|10%&#8220; custom_padding_tablet=&#8220;20px|10%|0px|10%&#8220; custom_padding_phone=&#8220;&#8220; custom_padding_last_edited=&#8220;on|desktop&#8220; global_colors_info=&#8220;{}&#8220; custom_padding__hover=&#8220;|||&#8220;][et_pb_text _builder_version=&#8220;4.16&#8243; text_font=&#8220;||||||||&#8220; text_text_color=&#8220;#000000&#8243; header_font=&#8220;|700|||||||&#8220; header_text_color=&#8220;#0c71c3&#8243; header_font_size=&#8220;35px&#8220; header_line_height=&#8220;1.3em&#8220; background_layout=&#8220;dark&#8220; custom_margin=&#8220;||0px|&#8220; animation_style=&#8220;zoom&#8220; animation_direction=&#8220;top&#8220; global_colors_info=&#8220;{}&#8220;]<\/p>\n<h1>Angebote f\u00fcr Sie<\/h1>\n<p>[\/et_pb_text][et_pb_text _builder_version=&#8220;4.17.4&#8243; text_font=&#8220;||on||||||&#8220; text_text_color=&#8220;#0c71c3&#8243; text_font_size=&#8220;26px&#8220; text_line_height=&#8220;1.8em&#8220; header_font=&#8220;||||||||&#8220; background_layout=&#8220;dark&#8220; custom_margin=&#8220;||10px|&#8220; animation_style=&#8220;zoom&#8220; animation_direction=&#8220;top&#8220; animation_delay=&#8220;50ms&#8220; text_line_height_tablet=&#8220;1.8em&#8220; text_line_height_last_edited=&#8220;off|desktop&#8220; global_colors_info=&#8220;{}&#8220;]<\/p>\n<p>von Th\u00fcringer LandFrauen<\/p>\n<p>[\/et_pb_text][et_pb_divider color=&#8220;#0c71c3&#8243; divider_style=&#8220;groove&#8220; divider_position=&#8220;center&#8220; divider_weight=&#8220;1px&#8220; disabled_on=&#8220;on|on|on&#8220; _builder_version=&#8220;4.16&#8243; background_color=&#8220;rgba(0,0,0,0)&#8220; max_width=&#8220;90px&#8220; max_width_tablet=&#8220;12%&#8220; max_width_last_edited=&#8220;off|desktop&#8220; custom_margin=&#8220;|||&#8220; animation_style=&#8220;flip&#8220; animation_delay=&#8220;100ms&#8220; disabled=&#8220;on&#8220; global_colors_info=&#8220;{}&#8220;][\/et_pb_divider][\/et_pb_column][et_pb_column type=&#8220;1_2&#8243; _builder_version=&#8220;4.16&#8243; custom_padding=&#8220;|||&#8220; global_colors_info=&#8220;{}&#8220; custom_padding__hover=&#8220;|||&#8220;][\/et_pb_column][\/et_pb_row][\/et_pb_section][et_pb_section fb_built=&#8220;1&#8243; admin_label=&#8220;Video&#8220; _builder_version=&#8220;4.16&#8243; custom_padding=&#8220;2vw||||false|false&#8220; box_shadow_style=&#8220;preset4&#8243; box_shadow_horizontal=&#8220;0px&#8220; box_shadow_vertical=&#8220;500px&#8220; box_shadow_color=&#8220;#f5f9fb&#8220; box_shadow_position=&#8220;inner&#8220; global_colors_info=&#8220;{}&#8220;][et_pb_row disabled_on=&#8220;on|on|on&#8220; _builder_version=&#8220;4.16&#8243; disabled=&#8220;on&#8220; global_colors_info=&#8220;{}&#8220;][et_pb_column type=&#8220;4_4&#8243; _builder_version=&#8220;4.16&#8243; custom_padding=&#8220;|||&#8220; global_colors_info=&#8220;{}&#8220; custom_padding__hover=&#8220;|||&#8220;][et_pb_text _builder_version=&#8220;4.16&#8243; text_font=&#8220;||||||||&#8220; header_font=&#8220;||||||||&#8220; header_4_font=&#8220;Merriweather|700|||||||&#8220; header_4_font_size=&#8220;26px&#8220; custom_margin=&#8220;||0px|&#8220; header_2_font_size_tablet=&#8220;&#8220; header_2_font_size_phone=&#8220;&#8220; header_2_font_size_last_edited=&#8220;on|desktop&#8220; global_colors_info=&#8220;{}&#8220;]<\/p>\n<h2>Erntekronen binden &#8211; gewusst wie ?<\/h2>\n<p>&nbsp;<\/p>\n<p>Im Rahmen der Bundesgartenschau in Erfurt geben die Th\u00fcringer Landfrauen Ihr Wissen um das Binden von Erntekronen gerne weiter.<\/p>\n<p>Sie pflegen es regelm\u00e4\u00dfig, in dem die Ortsvereine Erntekronen unter anderem f\u00fcr das Landeserntedankfest binden. Hier werden sie geweiht und traditionell<\/p>\n<p>an Vertreter aus Politik, Kirchen und Verwaltung \u00fcbergeben. Alle zwei Jahre findet ein Erntekronenwettbewerb statt, in dem die &#8222;Sch\u00f6nste Krone der Th\u00fcringer Landfrauen&#8220; gew\u00e4hlt wird.<\/p>\n<p>Haben Sie Interesse und wollen zusehen wie eine Erntekrone entsteht? Dann besuchen Sie unsere Landfrauen auf der Bundesgartenschau:<\/p>\n<ul>\n<li>Mittwoch\u00a0\u00a0\u00a0\u00a0\u00a0\u00a0\u00a0 08.09.2021\u00a0\u00a0\u00a0\u00a0\u00a0\u00a0 Gr\u00fcnes Klassenzimmer 9:30 bis 15 Uhr<\/li>\n<li>Dienstag\u00a0\u00a0\u00a0\u00a0\u00a0\u00a0\u00a0\u00a0 28.09.2021\u00a0\u00a0\u00a0\u00a0\u00a0\u00a0 Gr\u00fcnes Klassenzimmer 9:30 bis 15 Uhr<\/li>\n<\/ul>\n<p>&nbsp;<\/p>\n<p>&nbsp;<\/p>\n<p>&nbsp;<\/p>\n<p>&nbsp;<\/p>\n<p>[\/et_pb_text][et_pb_text _builder_version=&#8220;4.16&#8243; text_font=&#8220;||||||||&#8220; header_font=&#8220;||||||||&#8220; header_4_font=&#8220;Merriweather|700|||||||&#8220; header_4_font_size=&#8220;26px&#8220; custom_margin=&#8220;||0px|&#8220; header_2_font_size_tablet=&#8220;&#8220; header_2_font_size_phone=&#8220;&#8220; header_2_font_size_last_edited=&#8220;on|desktop&#8220; global_colors_info=&#8220;{}&#8220;]<\/p>\n<h2>Schon gewusst?<\/h2>\n<p>[\/et_pb_text][et_pb_divider color=&#8220;#4646c4&#8243; divider_position=&#8220;center&#8220; divider_weight=&#8220;3px&#8220; _builder_version=&#8220;4.16&#8243; max_width=&#8220;90px&#8220; max_width_tablet=&#8220;13%&#8220; max_width_last_edited=&#8220;off|desktop&#8220; custom_margin=&#8220;15px||40px|&#8220; custom_padding=&#8220;|||&#8220; global_colors_info=&#8220;{}&#8220;][\/et_pb_divider][et_pb_code _builder_version=&#8220;4.16&#8243; _module_preset=&#8220;default&#8220; global_colors_info=&#8220;{}&#8220;]<iframe loading=\"lazy\" width=\"560\" height=\"315\" src=\"https:\/\/www.youtube-nocookie.com\/embed\/hIwc2_E3_TM\" frameborder=\"0\" allow=\"accelerometer; autoplay; clipboard-write; encrypted-media; gyroscope; picture-in-picture\" allowfullscreen><\/iframe>[\/et_pb_code][\/et_pb_column][\/et_pb_row][\/et_pb_section][et_pb_section fb_built=&#8220;1&#8243; _builder_version=&#8220;4.16&#8243; _module_preset=&#8220;default&#8220; min_height=&#8220;98px&#8220; custom_margin=&#8220;||-74px|||&#8220; global_colors_info=&#8220;{}&#8220;][\/et_pb_section][et_pb_section fb_built=&#8220;1&#8243; admin_label=&#8220;About&#8220; _builder_version=&#8220;4.16&#8243; custom_padding=&#8220;4px|0px|101px|0px||&#8220; global_colors_info=&#8220;{}&#8220;][et_pb_row column_structure=&#8220;1_2,1_2&#8243; use_custom_gutter=&#8220;on&#8220; gutter_width=&#8220;0&#8243; disabled_on=&#8220;off|off|off&#8220; _builder_version=&#8220;4.16&#8243; custom_margin=&#8220;|||&#8220; custom_padding=&#8220;76px|||||&#8220; global_colors_info=&#8220;{}&#8220;][et_pb_column type=&#8220;1_2&#8243; _builder_version=&#8220;4.16&#8243; custom_padding=&#8220;|||&#8220; global_colors_info=&#8220;{}&#8220; custom_padding__hover=&#8220;|||&#8220;][et_pb_text _builder_version=&#8220;4.16&#8243; text_font=&#8220;||||||||&#8220; header_font=&#8220;||||||||&#8220; header_2_font=&#8220;Merriweather|700|||||||&#8220; header_2_font_size=&#8220;40px&#8220; header_2_line_height=&#8220;1.3em&#8220; custom_margin=&#8220;|||&#8220; custom_padding=&#8220;|||&#8220; global_colors_info=&#8220;{}&#8220;]<\/p>\n<h2>Gem\u00fcseschnitzen mit Annegret Rutenberg<\/h2>\n<p>[\/et_pb_text][et_pb_divider color=&#8220;#4646c4&#8243; divider_position=&#8220;center&#8220; divider_weight=&#8220;3px&#8220; _builder_version=&#8220;4.16&#8243; max_width=&#8220;90px&#8220; max_width_tablet=&#8220;13%&#8220; max_width_last_edited=&#8220;off|desktop&#8220; custom_margin=&#8220;15px|||&#8220; custom_padding=&#8220;|||&#8220; global_colors_info=&#8220;{}&#8220;][\/et_pb_divider][et_pb_text _builder_version=&#8220;4.16&#8243; _module_preset=&#8220;default&#8220; text_font=&#8220;||||||||&#8220; text_font_size=&#8220;20px&#8220; text_line_height=&#8220;1.8em&#8220; custom_margin=&#8220;30px|||&#8220; custom_padding=&#8220;|||&#8220; global_colors_info=&#8220;{}&#8220;]<\/p>\n<p>Gesunde Hingucker selber schnitzen<\/p>\n<p>[\/et_pb_text][\/et_pb_column][et_pb_column type=&#8220;1_2&#8243; _builder_version=&#8220;4.16&#8243; global_colors_info=&#8220;{}&#8220;][et_pb_divider show_divider=&#8220;off&#8220; _builder_version=&#8220;4.16&#8243; max_width=&#8220;90px&#8220; max_width_tablet=&#8220;13%&#8220; max_width_last_edited=&#8220;off|desktop&#8220; custom_margin=&#8220;15px|||&#8220; custom_padding=&#8220;|||&#8220; global_colors_info=&#8220;{}&#8220;][\/et_pb_divider][et_pb_code _builder_version=&#8220;4.16&#8243; _dynamic_attributes=&#8220;link_option_url&#8220; _module_preset=&#8220;default&#8220; custom_padding=&#8220;0%|5%|||false|false&#8220; custom_padding_tablet=&#8220;&#8220; custom_padding_phone=&#8220;&#8220; custom_padding_last_edited=&#8220;on|desktop&#8220; link_option_url=&#8220;@ET-DC@eyJkeW5hbWljIjp0cnVlLCJjb250ZW50IjoicG9zdF9saW5rX3VybF9wYWdlIiwic2V0dGluZ3MiOnsicG9zdF9pZCI6Ijk1OCJ9fQ==@&#8220; link_option_url_new_window=&#8220;on&#8220; global_colors_info=&#8220;{}&#8220;]<iframe loading=\"lazy\" width=\"560\" height=\"315\" src=\"https:\/\/www.youtube-nocookie.com\/embed\/mAFL3U4wY50\" frameborder=\"0\" allow=\"accelerometer; autoplay; clipboard-write; encrypted-media; gyroscope; picture-in-picture\" allowfullscreen><\/iframe><!-- [et_pb_line_break_holder] --><!-- [et_pb_line_break_holder] -->[\/et_pb_code][\/et_pb_column][\/et_pb_row][et_pb_row column_structure=&#8220;1_2,1_2&#8243; use_custom_gutter=&#8220;on&#8220; gutter_width=&#8220;0&#8243; _builder_version=&#8220;4.16&#8243; custom_margin=&#8220;|||&#8220; custom_padding=&#8220;|||&#8220; global_colors_info=&#8220;{}&#8220;][et_pb_column type=&#8220;1_2&#8243; _builder_version=&#8220;4.16&#8243; custom_padding=&#8220;|||&#8220; global_colors_info=&#8220;{}&#8220; custom_padding__hover=&#8220;|||&#8220;][et_pb_code _builder_version=&#8220;4.16&#8243; _module_preset=&#8220;default&#8220; custom_padding=&#8220;10%|5%|||false|false&#8220; custom_padding_tablet=&#8220;&#8220; custom_padding_phone=&#8220;&#8220; custom_padding_last_edited=&#8220;on|desktop&#8220; global_colors_info=&#8220;{}&#8220;]<iframe loading=\"lazy\" width=\"560\" height=\"315\" src=\"https:\/\/www.youtube-nocookie.com\/embed\/-tVg9HmEteg\" frameborder=\"0\" allow=\"accelerometer; autoplay; clipboard-write; encrypted-media; gyroscope; picture-in-picture\" allowfullscreen><\/iframe>[\/et_pb_code][\/et_pb_column][et_pb_column type=&#8220;1_2&#8243; _builder_version=&#8220;4.16&#8243; global_colors_info=&#8220;{}&#8220;][et_pb_text _builder_version=&#8220;4.16&#8243; text_font=&#8220;||||||||&#8220; header_font=&#8220;||||||||&#8220; header_2_font=&#8220;Merriweather|700|||||||&#8220; header_2_font_size=&#8220;40px&#8220; header_2_line_height=&#8220;1.3em&#8220; custom_margin=&#8220;|||&#8220; custom_padding=&#8220;|||&#8220; global_colors_info=&#8220;{}&#8220;]<\/p>\n<h2>Milchparty<\/h2>\n<p>[\/et_pb_text][et_pb_divider color=&#8220;#4646c4&#8243; divider_position=&#8220;center&#8220; divider_weight=&#8220;3px&#8220; _builder_version=&#8220;4.16&#8243; max_width=&#8220;90px&#8220; max_width_tablet=&#8220;13%&#8220; max_width_last_edited=&#8220;off|desktop&#8220; custom_margin=&#8220;15px|||&#8220; custom_padding=&#8220;|||&#8220; global_colors_info=&#8220;{}&#8220;][\/et_pb_divider][et_pb_text admin_label=&#8220;description&#8220; _builder_version=&#8220;4.16&#8243; text_font=&#8220;||||||||&#8220; text_font_size=&#8220;20px&#8220; text_line_height=&#8220;1.8em&#8220; max_width_tablet=&#8220;89%&#8220; max_width_phone=&#8220;97%&#8220; max_width_last_edited=&#8220;off|desktop&#8220; custom_margin=&#8220;30px|||&#8220; custom_padding=&#8220;|||&#8220; global_colors_info=&#8220;{}&#8220;]<\/p>\n<p>Zielgruppe: Grundschulklassen Kindergartengruppen<\/p>\n<p>Kontaktieren Sie LandFrau Heike Langguth \u00fcber <a href=\"mailto:heike.langguth@gmx.de\">heike.langguth@gmx.de<\/a> oder wenden sich an an <br \/>die Gesch\u00e4ftsstelle.<\/p>\n<p>&nbsp;<\/p>\n<p>[\/et_pb_text][\/et_pb_column][\/et_pb_row][\/et_pb_section]<\/p>\n","protected":false},"excerpt":{"rendered":"<p>Angebote f\u00fcr Sievon Th\u00fcringer LandFrauenErntekronen binden &#8211; gewusst wie ? &nbsp; Im Rahmen der Bundesgartenschau in Erfurt geben die Th\u00fcringer Landfrauen Ihr Wissen um das Binden von Erntekronen gerne weiter. Sie pflegen es regelm\u00e4\u00dfig, in dem die Ortsvereine Erntekronen unter anderem f\u00fcr das Landeserntedankfest binden. Hier werden sie geweiht und traditionell an Vertreter aus Politik, [&hellip;]<\/p>\n","protected":false},"author":2,"featured_media":0,"parent":0,"menu_order":0,"comment_status":"closed","ping_status":"closed","template":"","meta":{"_et_pb_use_builder":"on","_et_pb_old_content":"","_et_gb_content_width":"","footnotes":""},"class_list":["post-2441","page","type-page","status-publish","hentry"],"_links":{"self":[{"href":"https:\/\/www.thueringer-landfrauenverband.info\/index.php?rest_route=\/wp\/v2\/pages\/2441","targetHints":{"allow":["GET"]}}],"collection":[{"href":"https:\/\/www.thueringer-landfrauenverband.info\/index.php?rest_route=\/wp\/v2\/pages"}],"about":[{"href":"https:\/\/www.thueringer-landfrauenverband.info\/index.php?rest_route=\/wp\/v2\/types\/page"}],"author":[{"embeddable":true,"href":"https:\/\/www.thueringer-landfrauenverband.info\/index.php?rest_route=\/wp\/v2\/users\/2"}],"replies":[{"embeddable":true,"href":"https:\/\/www.thueringer-landfrauenverband.info\/index.php?rest_route=%2Fwp%2Fv2%2Fcomments&post=2441"}],"version-history":[{"count":21,"href":"https:\/\/www.thueringer-landfrauenverband.info\/index.php?rest_route=\/wp\/v2\/pages\/2441\/revisions"}],"predecessor-version":[{"id":4327,"href":"https:\/\/www.thueringer-landfrauenverband.info\/index.php?rest_route=\/wp\/v2\/pages\/2441\/revisions\/4327"}],"wp:attachment":[{"href":"https:\/\/www.thueringer-landfrauenverband.info\/index.php?rest_route=%2Fwp%2Fv2%2Fmedia&parent=2441"}],"curies":[{"name":"wp","href":"https:\/\/api.w.org\/{rel}","templated":true}]}}