{"id":720,"date":"2020-09-17T06:28:24","date_gmt":"2020-09-17T06:28:24","guid":{"rendered":"http:\/\/2020.thueringer-landfrauenverband.info\/?page_id=720"},"modified":"2020-09-24T12:02:42","modified_gmt":"2020-09-24T12:02:42","slug":"datenschutzerklaerung","status":"publish","type":"page","link":"https:\/\/www.thueringer-landfrauenverband.info\/?page_id=720","title":{"rendered":"Datenschutzerkl\u00e4rung"},"content":{"rendered":"<p>[et_pb_section fb_built=&#8220;1&#8243; inner_shadow=&#8220;on&#8220; next_background_color=&#8220;#ffffff&#8220; admin_label=&#8220;Header&#8220; _builder_version=&#8220;4.5.8&#8243; background_color=&#8220;#4186b4&#8243; background_image=&#8220;http:\/\/2020.thueringer-landfrauenverband.info\/wp-content\/uploads\/2020\/07\/landscape-2776182_1920_2.jpg&#8220; custom_margin=&#8220;||||false&#8220; bottom_divider_style=&#8220;curve&#8220; bottom_divider_height=&#8220;6vw&#8220;][et_pb_row _builder_version=&#8220;4.4.8&#8243; background_enable_image=&#8220;off&#8220; background_size=&#8220;contain&#8220; animation_style=&#8220;zoom&#8220; animation_intensity_zoom=&#8220;10%&#8220;][et_pb_column type=&#8220;4_4&#8243; _builder_version=&#8220;3.25&#8243; custom_padding=&#8220;|||&#8220; custom_padding__hover=&#8220;|||&#8220;][et_pb_text _builder_version=&#8220;4.5.8&#8243; text_font=&#8220;|600|||||||&#8220; text_text_color=&#8220;#024400&#8243; text_font_size=&#8220;20px&#8220; text_line_height=&#8220;2.5em&#8220; header_font=&#8220;Georgia|700||on|||||&#8220; header_text_color=&#8220;#024400&#8243; header_font_size=&#8220;35px&#8220; header_letter_spacing=&#8220;5px&#8220; header_line_height=&#8220;1.5em&#8220; header_2_font=&#8220;|||on|||||&#8220; header_2_font_size=&#8220;70px&#8220; header_2_letter_spacing=&#8220;5px&#8220; header_2_line_height=&#8220;1.4em&#8220; text_orientation=&#8220;center&#8220; background_layout=&#8220;dark&#8220; custom_margin=&#8220;|||-35px||&#8220; animation_style=&#8220;slide&#8220; animation_direction=&#8220;top&#8220; animation_duration=&#8220;1300ms&#8220; animation_delay=&#8220;100ms&#8220; header_font_size_tablet=&#8220;25px&#8220; header_font_size_phone=&#8220;19px&#8220; header_font_size_last_edited=&#8220;on|tablet&#8220; header_2_font_size_tablet=&#8220;50px&#8220; header_2_font_size_phone=&#8220;30px&#8220; header_2_font_size_last_edited=&#8220;on|desktop&#8220; inline_fonts=&#8220;Georgia&#8220;]<\/p>\n<h1>Datenschutzerkl\u00e4rung<\/h1>\n<p>[\/et_pb_text][\/et_pb_column][\/et_pb_row][\/et_pb_section][et_pb_section fb_built=&#8220;1&#8243; admin_label=&#8220;Call to Action&#8220; _builder_version=&#8220;4.5.8&#8243; background_enable_color=&#8220;off&#8220; max_width=&#8220;1220px&#8220; module_alignment=&#8220;center&#8220; min_height=&#8220;468px&#8220; custom_margin=&#8220;30px||30px|337px|true|false&#8220; custom_margin_tablet=&#8220;&#8220; custom_margin_phone=&#8220;0px||0px||true&#8220; custom_margin_last_edited=&#8220;on|phone&#8220; custom_padding=&#8220;0px|18px|0px|18px|false|true&#8220; animation_style=&#8220;zoom&#8220; animation_intensity_zoom=&#8220;10%&#8220; box_shadow_style=&#8220;preset7&#8243; box_shadow_horizontal=&#8220;0px&#8220; box_shadow_vertical=&#8220;0px&#8220; box_shadow_spread=&#8220;80px&#8220; box_shadow_color=&#8220;#ffffff&#8220;][et_pb_row _builder_version=&#8220;4.5.8&#8243; _module_preset=&#8220;default&#8220;][et_pb_column type=&#8220;4_4&#8243; _builder_version=&#8220;4.5.8&#8243; _module_preset=&#8220;default&#8220;][et_pb_blurb title=&#8220;1. Name und Anschrift des f\u00fcr die Verarbeitung Verantwortlichen&#8220; _builder_version=&#8220;4.5.8&#8243; _module_preset=&#8220;default&#8220; header_font=&#8220;|700|||||||&#8220;]<\/p>\n<p>Verantwortlicher im Sinne der Datenschutz Grundverordnung, sonstiger in den Mitgliedstaaten der Europ\u00e4ischen Union geltenden Datenschutzgesetze und anderer Bestimmungen mit datenschutzrechtlichem Charakter ist:<\/p>\n<p>Th\u00fcringer Landfrauenverband e. V.<br \/> Alfred-Hess-Stra\u00dfe 8<br \/> 99094 Erfurt<br \/> Tel.:<span>\u00a0+49 361 60 27 90 1<\/span><br \/> Fax: +49 361 65 78 29 6<\/p>\n<p>[\/et_pb_blurb][et_pb_blurb title=&#8220;2. Name und Anschrift des Datenschutzbeauftragten&#8220; _builder_version=&#8220;4.5.8&#8243; _module_preset=&#8220;default&#8220; header_font=&#8220;|700|||||||&#8220;]<\/p>\n<p><span style=\"font-size: 14px;\">Der Datenschutzbeauftragte des f\u00fcr die Verarbeitung Verantwortlichen ist:<\/span><\/p>\n<p>TBV-Service und Marketing GmbH<br \/>Alfred-Hess-Stra\u00dfe 8<br \/> 99094 Erfurt<br \/>E-Mail: Datenschutz@TBV-Erfurt.de<\/p>\n<p>[\/et_pb_blurb][et_pb_blurb title=&#8220;3. Zwecke der Verarbeitung und Rechtsgrundlagen&#8220; _builder_version=&#8220;4.5.8&#8243; _module_preset=&#8220;default&#8220; header_font=&#8220;|700|||||||&#8220;]<\/p>\n<h5>3.1 Wenn Sie Anfragen an uns richten:<\/h5>\n<p>Wenn Sie Anfragen an uns richten, fragen wir Sie nach Ihrem Namen, Ihren Kontaktdaten sowie weiteren Informationen, die wir von Ihnen ben\u00f6tigen. Wir nutzen die von Ihnen mitgeteilten Daten zur Beantwortung von Anfragen sowie zur Einhaltung gesetzlicher Vorgaben. Rechtsgrundlage ist Art. 6 Abs. 1 lit. b) und c) DSGVO.<\/p>\n<p>[\/et_pb_blurb][et_pb_blurb title=&#8220;4. Kategorien von Empf\u00e4ngern der personenbezogenen Daten&#8220; _builder_version=&#8220;4.5.8&#8243; _module_preset=&#8220;default&#8220; header_font=&#8220;|700|||||||&#8220;]<\/p>\n<p>Wir geben die Daten nur dann an Dritte weiter, soweit dies zur Erf\u00fcllung der von Ihnen \u00fcbertragenen Aufgaben erforderlich ist, Au\u00dferdem geben wir Daten an IT-Dienstleister weiter, die unsere Website und anderen IT-Anwendungen betreiben.<\/p>\n<p>&nbsp;<\/p>\n<p>[\/et_pb_blurb][et_pb_blurb title=&#8220;5. Zugriff auf das Internetangebot des Th\u00fcringer Landfrauenverband e.V.&#8220; _builder_version=&#8220;4.5.8&#8243; _module_preset=&#8220;default&#8220; header_font=&#8220;|700|||||||&#8220;]<\/p>\n<p>Jeder Ihrer Zugriffe auf das Internetangebot des Th\u00fcringer Landfreuanverband e.V. wird in einer Protokolldatei f\u00fcr eine begrenzte Zeit mit folgenden Daten gespeichert<\/p>\n<ul class=\"list-normal\">\n<li>Datum und Uhrzeit des Abrufs<\/li>\n<li>Anfragedetails und Zieladresse<\/li>\n<li>Name der abgerufenen Datei und \u00fcbertragene Datenmenge<\/li>\n<li>Meldung, ob der Abruf erfolgreich war<\/li>\n<\/ul>\n<p>Diese Daten werden f\u00fcr statistische und Sicherungszwecke sowie zur Optimierung des Internetangebotes ausgewertet. Es erfolgt keine personenbezogene Auswertung oder Profilbildung. Dessen ungeachtet behalten wir uns vor, Ihre IP-Adresse bei Angriffen auf die Internetinfrastruktur auszuwerten.<\/p>\n<p>[\/et_pb_blurb][et_pb_blurb title=&#8220;6. Einsatz von Cookies&#8220; _builder_version=&#8220;4.5.8&#8243; _module_preset=&#8220;default&#8220; header_font=&#8220;|700|||||||&#8220;]<\/p>\n<p>Auf den Seiten des Th\u00fcringer Landfrauenverband e.V. werden sogenannte Cookies eingesetzt. Cookies sind kleine Textdateien, die auf Ihrem Computer gespeichert werden. Diese Cookies bleiben nur bis zum Ende der jeweiligen Sitzung g\u00fcltig, Sie k\u00f6nnen die Verwendung von Cookies durch eine entsprechende Einstellung Ihrer Browsersoftware verhindern. Dies kann jedoch dazu f\u00fchren, dass Sie unsere Internetseite nicht im kompletten Umfang verwenden k\u00f6nnen. Die durch die Cookies erzeugten Informationen \u00fcber Ihre Benutzung dieser Webseite werden nicht zur personenbezogenen Auswertung oder Profilbildung verwendet und ebenfalls nicht an Dritte weitergegeben.<br \/> Auf den Webseiten des Th\u00fcringer Landfrauenverband e.V. werden folgende Cookies verwendet<\/p>\n<div class=\"table-responsive\">\n<table class=\"table\">\n<tbody>\n<tr>\n<td><strong>Website\/System<\/strong><\/td>\n<td><strong>Cookies<\/strong><\/td>\n<td><strong>Verwendungszweck:<\/strong><\/td>\n<\/tr>\n<tr>\n<td><span style=\"font-family: inherit; font-size: inherit;\">WordPress<\/span>\u00a0(CMS)<\/td>\n<td>PHPSESSID<\/td>\n<td>Realisierung von Funktionalit\u00e4ten wie z.B. Captcha, Anmeldungen, Download<\/td>\n<\/tr>\n<\/tbody>\n<\/table>\n<\/div>\n<p>[\/et_pb_blurb][et_pb_blurb title=&#8220;7. Eingebettete YouTube-Videos&#8220; _builder_version=&#8220;4.5.8&#8243; _module_preset=&#8220;default&#8220; header_font=&#8220;|700|||||||&#8220; hover_enabled=&#8220;0&#8243;]<\/p>\n<p>Auf einigen unserer Webseiten betten wir Youtube-Videos ein. Betreiber der entsprechenden Plugins ist die YouTube, LLC, 901 Cherry Ave., San Bruno, CA 94066, USA. Wenn Sie eine Seite mit dem YouTube-Plugin besuchen, wird eine Verbindung zu Servern von Youtube hergestellt. Dabei wird Youtube mitgeteilt, welche Seiten Sie besuchen. Wenn Sie in Ihrem Youtube-Account eingeloggt sind, kann Youtube Ihr Surfverhalten Ihnen pers\u00f6nlich zuzuordnen. Dies verhindern Sie, indem Sie sich vorher aus Ihrem Youtube-Account ausloggen.<br \/> Der Zugriff auf Youtube Videos erfolgt \u00fcber den Datenschutzmodus<span style=\"background-color: #ffffff; font-size: 14px;\">\u00a0<\/span><span style=\"background-color: #ffffff; font-size: 14px;\">(https:\/\/www.youtube-nocookie.com)<\/span><span style=\"font-size: 14px;\">\u00a0und erfolgt daher so Datensparsam wie m\u00f6glich.<\/span> Wird ein Youtube-Video gestartet, setzt der Anbieter Cookies ein, die Hinweise \u00fcber das Nutzerverhalten sammeln.<br \/> Wer das Speichern von Cookies f\u00fcr das Google-Ad-Programm deaktiviert hat, wird auch beim Anschauen von Youtube-Videos mit keinen solchen Cookies rechnen m\u00fcssen. Youtube legt aber auch in anderen Cookies nicht-personenbezogene Nutzungsinformationen ab. M\u00f6chten Sie dies verhindern, so m\u00fcssen Sie das Speichern von Cookies im Browser blockieren.<br \/> Weitere Informationen zum Datenschutz bei \u201eYoutube\u201c finden Sie in der Datenschutzerkl\u00e4rung des Anbieters unter:<span>\u00a0<\/span><a href=\"https:\/\/www.google.de\/intl\/de\/policies\/privacy\/\" title=\"Datenschutzerkl\u00e4rung des Anbieters\" target=\"_blank\" rel=\"noopener noreferrer\">https:\/\/www.google.de\/intl\/de\/policies\/privacy\/<\/a><\/p>\n<p>[\/et_pb_blurb][et_pb_blurb title=&#8220;8. Auskunftsrecht&#8220; _builder_version=&#8220;4.5.8&#8243; _module_preset=&#8220;default&#8220; header_font=&#8220;|700|||||||&#8220;]<\/p>\n<p>Sie k\u00f6nnen von uns eine Best\u00e4tigung dar\u00fcber verlangen, ob personenbezogene Daten, die Sie betreffen, von uns verarbeitet werden.<br \/>Liegt eine solche Verarbeitung vor, k\u00f6nnen Sie von dem Verantwortlichen \u00fcber folgende Informationen Auskunft verlangen:<br \/>a) die Zwecke, zu denen die personenbezogenen Daten verarbeitet werden;<br \/>b) die Kategorien von personenbezogenen Daten, welche verarbeitet werden;<br \/>c) die Empf\u00e4nger bzw. die Kategorien von Empf\u00e4ngern, gegen\u00fcber denen die Sie betreffenden personenbezogenen Daten offengelegt wurden oder noch offengelegt werden;<br \/>d) die geplante Dauer der Speicherung der Sie betreffenden personenbezogenen Daten oder, falls konkrete Angaben hierzu nicht m\u00f6glich sind, Kriterien f\u00fcr die Festlegung der Speicherdauer;<br \/>e) das Bestehen eines Rechts auf Berichtigung oder L\u00f6schung der Sie betreffenden personenbezogenen Daten, eines Rechts auf Einschr\u00e4nkung der Verarbeitung durch den Verantwortlichen oder eines Widerspruchsrechts gegen diese Verarbeitung;<br \/>f) das Bestehen eines Beschwerderechts bei einer Aufsichtsbeh\u00f6rde;<br \/>g) alle verf\u00fcgbaren Informationen \u00fcber die Herkunft der Daten, wenn die personenbezogenen Daten nicht bei der betroffenen Person erhoben werden;<br \/>h) das Bestehen einer automatisierten Entscheidungsfindung einschlie\u00dflich Profiling gem\u00e4\u00df Art. 22 Abs. 1 und 4 DS-GVO und \u2013 zumindest in diesen F\u00e4llen \u2013 aussagekr\u00e4ftige Informationen \u00fcber die involvierte Logik sowie die Tragweite und die angestrebten Auswirkungen einer derartigen Verarbeitung f\u00fcr die betroffene Person. Ihnen steht das Recht zu, Auskunft dar\u00fcber zu verlangen, ob die Sie betreffenden personenbezogenen Daten in ein Drittland oder an eine internationale Organisation \u00fcbermittelt werden. In diesem Zusammenhang k\u00f6nnen Sie verlangen, \u00fcber die geeigneten Garantien gem. Art. 46 DS-GVO im Zusammenhang mit der \u00dcbermittlung unterrichtet zu werden.<\/p>\n<p>[\/et_pb_blurb][et_pb_blurb title=&#8220;9. Recht auf Berichtigung&#8220; _builder_version=&#8220;4.5.8&#8243; _module_preset=&#8220;default&#8220; header_font=&#8220;|700|||||||&#8220;]<\/p>\n<p>Sie haben ein Recht auf unverz\u00fcgliche Berichtigung und\/oder Vervollst\u00e4ndigung, sofern die verarbeiteten personenbezogenen Daten, die Sie betreffen, unrichtig oder unvollst\u00e4ndig sind.<\/p>\n<p>[\/et_pb_blurb][et_pb_blurb title=&#8220;10. Recht auf Einschr\u00e4nkung der Verarbeitung&#8220; _builder_version=&#8220;4.5.8&#8243; _module_preset=&#8220;default&#8220; header_font=&#8220;|700|||||||&#8220;]<\/p>\n<p>Unter den folgenden Voraussetzungen k\u00f6nnen Sie die Einschr\u00e4nkung der Verarbeitung der Sie betreffenden personenbezogenen Daten verlangen:<br \/>a) wenn Sie die Richtigkeit der Sie betreffenden personenbezogenen f\u00fcr eine Dauer bestreiten, die es dem Verantwortlichen erm\u00f6glicht, die Richtigkeit der personenbezogenen Daten zu \u00fcberpr\u00fcfen;<br \/>b) die Verarbeitung unrechtm\u00e4\u00dfig ist und Sie die L\u00f6schung der personenbezogenen Daten ablehnen und stattdessen die Einschr\u00e4nkung der Nutzung der personenbezogenen Daten verlangen;<br \/>c) der Verantwortliche die personenbezogenen Daten f\u00fcr die Zwecke der Verarbeitung nicht l\u00e4nger ben\u00f6tigt, Sie diese jedoch zur Geltendmachung, Aus\u00fcbung oder Verteidigung von Rechtsanspr\u00fcchen ben\u00f6tigen, oder<br \/>d) wenn Sie Widerspruch gegen die Verarbeitung gem\u00e4\u00df Art. 21 Abs. 1 DSGVO eingelegt haben und noch nicht feststeht, ob die berechtigten Gr\u00fcnde des Verantwortlichen gegen\u00fcber Ihren Gr\u00fcnden \u00fcberwiegen.<br \/>Wurde die Verarbeitung der Sie betreffenden personenbezogenen Daten eingeschr\u00e4nkt, d\u00fcrfen diese Daten \u2013 von ihrer Speicherung abgesehen \u2013 nur mit Ihrer Einwilligung oder zur Geltendmachung, Aus\u00fcbung oder Verteidigung von Rechtsanspr\u00fcchen oder zum Schutz der Rechte einer anderen nat\u00fcrlichen oder juristischen Person oder aus Gr\u00fcnden eines wichtigen \u00f6ffentlichen Interesses der Union oder eines Mitgliedstaats verarbeitet werden.<br \/>Wurde die Einschr\u00e4nkung der Verarbeitung nach den o.g. Voraussetzungen eingeschr\u00e4nkt, werden Sie von dem Verantwortlichen unterrichtet bevor die Einschr\u00e4nkung aufgehoben wird.<\/p>\n<p>[\/et_pb_blurb][et_pb_blurb title=&#8220;11. Recht auf L\u00f6schung&#8220; _builder_version=&#8220;4.5.8&#8243; _module_preset=&#8220;default&#8220; header_font=&#8220;|700|||||||&#8220;]<\/p>\n<p>11.1 Sie k\u00f6nnen verlangen, dass die Sie betreffenden personenbezogenen Daten unverz\u00fcglich gel\u00f6scht werden, und der Verantwortliche ist verpflichtet diese Daten unverz\u00fcglich zu l\u00f6schen, sofern einer der folgenden Gr\u00fcnde zutrifft:<br \/>a) Die Sie betreffenden personenbezogenen Daten sind f\u00fcr die Zwecke, f\u00fcr die sie erhoben oder auf sonstige Weise verarbeitet wurden, nicht mehr notwendig.<br \/>b) Sie widerrufen Ihre Einwilligung, auf die sich die Verarbeitung gem. Art. 6 Abs. 1 lit. a oder Art. 9 Abs. 2 lit. a DSGVO st\u00fctzte, und es fehlt an einer anderweitigen Rechtsgrundlage f\u00fcr die Verarbeitung.<br \/>c) Sie legen gem. Art. 21 Abs. 1 DSGVO Widerspruch gegen die Verarbeitung ein und es liegen keine vorrangigen berechtigten Gr\u00fcnde f\u00fcr die Verarbeitung vor, oder die Sie legen gem. Art. 21 Abs. 2 DSGVO Widerspruch gegen die Verarbeitung ein.<br \/>d) Die Sie betreffenden personenbezogenen Daten wurden unrechtm\u00e4\u00dfig verarbeitet.<br \/>e) Die L\u00f6schung der Sie betreffenden personenbezogenen Daten ist zur Erf\u00fcllung einer rechtlichen Verpflichtung nach dem Unionsrecht oder dem Recht der Mitgliedstaaten erforderlich, dem der Verantwortliche unterliegt.<br \/>f) Die Sie betreffenden personenbezogenen Daten wurden in Bezug auf angebotene Dienste der Informationsgesellschaft gem\u00e4\u00df Art. 8 Abs. 1 DSGVO erhoben.<\/p>\n<p>11.2 Hat der Verantwortliche die Sie betreffenden personenbezogenen Daten \u00f6ffentlich gemacht und ist er gem. Art. 17 Abs. 1 DSGVO zu deren L\u00f6schung verpflichtet, so trifft er unter Ber\u00fccksichtigung der verf\u00fcgbaren Technologie und der Implementierungskosten angemessene Ma\u00dfnahmen, auch technischer Art, um f\u00fcr die Datenverarbeitung Verantwortliche, die die personenbezogenen Daten verarbeiten, dar\u00fcber zu informieren, dass Sie als betroffene Person von ihnen die L\u00f6schung aller Links zu diesen personenbezogenen Daten oder von Kopien oder Replikationen dieser personenbezogenen Daten verlangt hat.<\/p>\n<p>11.3 Das Recht auf L\u00f6schung besteht nicht, soweit die Verarbeitung erforderlich ist<br \/>a) zur Aus\u00fcbung des Rechts auf freie Meinungs\u00e4u\u00dferung und Information;<br \/>b) zur Erf\u00fcllung einer rechtlichen Verpflichtung, die die Verarbeitung nach dem Recht der Union oder der Mitgliedstaaten, dem der Verantwortliche unterliegt, erfordert, oder zur Wahrnehmung einer Aufgabe, die im \u00f6ffentlichen Interesse liegt oder in Aus\u00fcbung \u00f6ffentlicher Gewalt erfolgt, die dem Verantwortlichen \u00fcbertragen wurde;<br \/>c) aus Gr\u00fcnden des \u00f6ffentlichen Interesses im Bereich der \u00f6ffentlichen Gesundheit gem\u00e4\u00df Art. 9 Abs. 2 lit. h und i sowie Art. 9 Ab. 3 DSGVO;<br \/>d) f\u00fcr im \u00f6ffentlichen Interesse liegende Archivzwecke, wissenschaftliche oder historische Forschungszwecke oder f\u00fcr statistische Zwecke gem. Art. 89 Abs. 1 DSGVO, soweit das in Abs. 1 genannte Recht voraussichtlich die Verwirklichung der Ziele dieser Verarbeitung unm\u00f6glich macht oder ernsthaft beeintr\u00e4chtigt, oder<br \/>e) zur Geltendmachung, Aus\u00fcbung oder Verteidigung von Rechtsanspr\u00fcchen.<\/p>\n<p>[\/et_pb_blurb][et_pb_blurb title=&#8220;12. Recht auf Unterrichtung&#8220; _builder_version=&#8220;4.5.8&#8243; _module_preset=&#8220;default&#8220; header_font=&#8220;|700|||||||&#8220;]<\/p>\n<p>Haben Sie das Recht auf Berichtigung, L\u00f6schung oder Einschr\u00e4nkung der Verarbeitung gegen\u00fcber dem Verantwortlichen geltend gemacht, ist dieser verpflichtet, allen Empf\u00e4ngern, denen die Sie betreffenden personenbezogenen Daten offengelegt wurden, diese Berichtigung oder L\u00f6schung der Daten oder Einschr\u00e4nkung der Verarbeitung mitzuteilen, es sei denn, dies erweist sich als unm\u00f6glich oder ist mit einem unverh\u00e4ltnism\u00e4\u00dfigen Aufwand verbunden.<br \/>Ihnen steht gegen\u00fcber dem Verantwortlichen das Recht zu, \u00fcber diese Empf\u00e4nger unterrichtet zu werden.<\/p>\n<p>[\/et_pb_blurb][et_pb_blurb title=&#8220;13. Widerspruchsrecht&#8220; _builder_version=&#8220;4.5.8&#8243; _module_preset=&#8220;default&#8220; header_font=&#8220;|700|||||||&#8220;]<\/p>\n<p>Sie haben das Recht, aus Gr\u00fcnden, die sich aus ihrer besonderen Situation ergeben, jederzeit gegen die Verarbeitung der Sie betreffenden personenbezogenen Daten, die aufgrund von Art. 6 Abs. 1 lit. e oder f DSGVO erfolgt, Widerspruch einzulegen; dies gilt auch f\u00fcr ein auf diese Bestimmungen gest\u00fctztes Profiling.<br \/> Der Verantwortliche verarbeitet die Sie betreffenden personenbezogenen Daten nicht mehr, es sei denn, er kann zwingende schutzw\u00fcrdige Gr\u00fcnde f\u00fcr die Verarbeitung nachweisen, die die Ihre Interessen, Rechte und Freiheiten \u00fcberwiegen, oder die Verarbeitung dient der Geltendmachung, Aus\u00fcbung oder Verteidigung von Rechtsanspr\u00fcchen.<br \/> Werden die Sie betreffenden personenbezogenen Daten verarbeitet, um Direktwerbung zu betreiben, haben Sie das Recht, jederzeit Widerspruch gegen die Verarbeitung der Sie betreffenden personenbezogenen Daten zum Zwecke derartiger Werbung einzulegen; dies gilt auch f\u00fcr das Profiling, soweit es mit solcher Direktwerbung in Verbindung steht.<br \/> Widersprechen Sie der Verarbeitung f\u00fcr Zwecke der Direktwerbung, so werden die Sie betreffenden personenbezogenen Daten nicht mehr f\u00fcr diese Zwecke verarbeitet. Sie haben die M\u00f6glichkeit, im Zusammenhang mit der Nutzung von Diensten der Informationsgesellschaft \u2013 ungeachtet der Richtlinie 2002\/58\/EG \u2013 Ihr Widerspruchsrecht mittels automatisierter Verfahren auszu\u00fcben, bei denen technische Spezifikationen verwendet werden.<\/p>\n<p>[\/et_pb_blurb][et_pb_blurb title=&#8220;14. Recht auf Widerruf der datenschutzrechtlichen Einwilligungserkl\u00e4rung&#8220; _builder_version=&#8220;4.5.8&#8243; _module_preset=&#8220;default&#8220; header_font=&#8220;|700|||||||&#8220;]<\/p>\n<p>Sie haben das Recht, Ihre datenschutzrechtliche Einwilligungserkl\u00e4rung jederzeit zu widerrufen. Durch den Widerruf der Einwilligung wird die Rechtm\u00e4\u00dfigkeit der aufgrund der Einwilligung bis zum Widerruf erfolgten Verarbeitung nicht ber\u00fchrt.<\/p>\n<p>[\/et_pb_blurb][et_pb_blurb title=&#8220;15. Datensicherheit&#8220; _builder_version=&#8220;4.5.8&#8243; _module_preset=&#8220;default&#8220; header_font=&#8220;|700|||||||&#8220;]<\/p>\n<p>Wir sichern unsere Website und sonstigen Systeme durch technische und organisatorische Ma\u00dfnahmen gegen Verlust, Zerst\u00f6rung, Zugriff, Ver\u00e4nderung oder Verbreitung Ihrer Daten durch unbefugte Personen. Der Zugang zu Ihrem Account ist nur nach Eingabe Ihres pers\u00f6nlichen Passwortes m\u00f6glich. Sie sollten Ihre Zugangsinformationen stets vertraulich behandeln und das Browserfenster schlie\u00dfen, wenn Sie die Kommunikation mit uns beendet haben, insbesondere wenn Sie den Computer gemeinsam mit anderen nutzen.<\/p>\n<p>[\/et_pb_blurb][\/et_pb_column][\/et_pb_row][\/et_pb_section][et_pb_section fb_built=&#8220;1&#8243; prev_background_color=&#8220;#ffffff&#8220; admin_label=&#8220;Subscribe&#8220; _builder_version=&#8220;4.5.8&#8243; background_color=&#8220;rgba(0,0,0,0)&#8220; custom_margin=&#8220;|||&#8220; custom_padding=&#8220;9vw|0|0px||false|false&#8220; top_divider_style=&#8220;wave&#8220; top_divider_height=&#8220;6vw&#8220;][et_pb_row column_structure=&#8220;1_2,1_2&#8243; _builder_version=&#8220;4.5.8&#8243; _module_preset=&#8220;default&#8220;][et_pb_column type=&#8220;1_2&#8243; _builder_version=&#8220;4.5.8&#8243; _module_preset=&#8220;default&#8220;][\/et_pb_column][et_pb_column type=&#8220;1_2&#8243; _builder_version=&#8220;4.5.8&#8243; _module_preset=&#8220;default&#8220;][\/et_pb_column][\/et_pb_row][\/et_pb_section]<\/p>\n","protected":false},"excerpt":{"rendered":"<p>Datenschutzerkl\u00e4rungVerantwortlicher im Sinne der Datenschutz Grundverordnung, sonstiger in den Mitgliedstaaten der Europ\u00e4ischen Union geltenden Datenschutzgesetze und anderer Bestimmungen mit datenschutzrechtlichem Charakter ist: Th\u00fcringer Landfrauenverband e. V. Alfred-Hess-Stra\u00dfe 8 99094 Erfurt Tel.:\u00a0+49 361 60 27 90 1 Fax: +49 361 65 78 29 6Der Datenschutzbeauftragte des f\u00fcr die Verarbeitung Verantwortlichen ist: TBV-Service und Marketing GmbHAlfred-Hess-Stra\u00dfe 8 [&hellip;]<\/p>\n","protected":false},"author":1,"featured_media":0,"parent":0,"menu_order":0,"comment_status":"closed","ping_status":"closed","template":"","meta":{"_et_pb_use_builder":"on","_et_pb_old_content":"","_et_gb_content_width":"","footnotes":""},"class_list":["post-720","page","type-page","status-publish","hentry"],"_links":{"self":[{"href":"https:\/\/www.thueringer-landfrauenverband.info\/index.php?rest_route=\/wp\/v2\/pages\/720","targetHints":{"allow":["GET"]}}],"collection":[{"href":"https:\/\/www.thueringer-landfrauenverband.info\/index.php?rest_route=\/wp\/v2\/pages"}],"about":[{"href":"https:\/\/www.thueringer-landfrauenverband.info\/index.php?rest_route=\/wp\/v2\/types\/page"}],"author":[{"embeddable":true,"href":"https:\/\/www.thueringer-landfrauenverband.info\/index.php?rest_route=\/wp\/v2\/users\/1"}],"replies":[{"embeddable":true,"href":"https:\/\/www.thueringer-landfrauenverband.info\/index.php?rest_route=%2Fwp%2Fv2%2Fcomments&post=720"}],"version-history":[{"count":4,"href":"https:\/\/www.thueringer-landfrauenverband.info\/index.php?rest_route=\/wp\/v2\/pages\/720\/revisions"}],"predecessor-version":[{"id":886,"href":"https:\/\/www.thueringer-landfrauenverband.info\/index.php?rest_route=\/wp\/v2\/pages\/720\/revisions\/886"}],"wp:attachment":[{"href":"https:\/\/www.thueringer-landfrauenverband.info\/index.php?rest_route=%2Fwp%2Fv2%2Fmedia&parent=720"}],"curies":[{"name":"wp","href":"https:\/\/api.w.org\/{rel}","templated":true}]}}