{"id":726,"date":"2020-09-17T06:47:03","date_gmt":"2020-09-17T06:47:03","guid":{"rendered":"http:\/\/2020.thueringer-landfrauenverband.info\/?page_id=726"},"modified":"2025-08-28T11:08:08","modified_gmt":"2025-08-28T09:08:08","slug":"impressum","status":"publish","type":"page","link":"https:\/\/www.thueringer-landfrauenverband.info\/?page_id=726","title":{"rendered":"Impressum"},"content":{"rendered":"<p>[et_pb_section fb_built=&#8220;1&#8243; inner_shadow=&#8220;on&#8220; next_background_color=&#8220;#ffffff&#8220; admin_label=&#8220;Header&#8220; _builder_version=&#8220;4.24.3&#8243; background_color=&#8220;gcid-4420433e-139d-4f03-84a2-4afe89582ad1&#8243; background_image=&#8220;http:\/\/2020.thueringer-landfrauenverband.info\/wp-content\/uploads\/2020\/07\/landscape-2776182_1920_2.jpg&#8220; custom_margin=&#8220;||||false&#8220; bottom_divider_style=&#8220;curve&#8220; bottom_divider_height=&#8220;6vw&#8220; global_colors_info=&#8220;{%22gcid-4420433e-139d-4f03-84a2-4afe89582ad1%22:%91%22background_color%22%93}&#8220;][et_pb_row _builder_version=&#8220;4.24.3&#8243; background_enable_image=&#8220;off&#8220; background_size=&#8220;contain&#8220; module_alignment=&#8220;center&#8220; animation_style=&#8220;zoom&#8220; animation_intensity_zoom=&#8220;10%&#8220; global_colors_info=&#8220;{}&#8220;][et_pb_column type=&#8220;4_4&#8243; _builder_version=&#8220;4.16&#8243; custom_padding=&#8220;|||&#8220; global_colors_info=&#8220;{}&#8220; custom_padding__hover=&#8220;|||&#8220;][et_pb_text _builder_version=&#8220;4.16&#8243; text_font=&#8220;|600|||||||&#8220; text_text_color=&#8220;#024400&#8243; text_font_size=&#8220;20px&#8220; text_line_height=&#8220;2.5em&#8220; header_font=&#8220;Georgia|700||on|||||&#8220; header_text_color=&#8220;#024400&#8243; header_font_size=&#8220;35px&#8220; header_letter_spacing=&#8220;5px&#8220; header_line_height=&#8220;1.5em&#8220; header_2_font=&#8220;|||on|||||&#8220; header_2_font_size=&#8220;70px&#8220; header_2_letter_spacing=&#8220;5px&#8220; header_2_line_height=&#8220;1.4em&#8220; text_orientation=&#8220;center&#8220; background_layout=&#8220;dark&#8220; custom_margin=&#8220;|||-35px||&#8220; animation_style=&#8220;slide&#8220; animation_direction=&#8220;top&#8220; animation_duration=&#8220;1300ms&#8220; animation_delay=&#8220;100ms&#8220; header_font_size_tablet=&#8220;25px&#8220; header_font_size_phone=&#8220;19px&#8220; header_font_size_last_edited=&#8220;on|tablet&#8220; header_2_font_size_tablet=&#8220;50px&#8220; header_2_font_size_phone=&#8220;30px&#8220; header_2_font_size_last_edited=&#8220;on|desktop&#8220; inline_fonts=&#8220;Georgia&#8220; global_colors_info=&#8220;{}&#8220;]<\/p>\n<h1>Impressum<\/h1>\n<p>[\/et_pb_text][\/et_pb_column][\/et_pb_row][\/et_pb_section][et_pb_section fb_built=&#8220;1&#8243; admin_label=&#8220;Call to Action&#8220; _builder_version=&#8220;4.16&#8243; background_enable_color=&#8220;off&#8220; max_width=&#8220;1220px&#8220; module_alignment=&#8220;center&#8220; min_height=&#8220;468px&#8220; custom_margin=&#8220;30px||30px|337px|true|false&#8220; custom_margin_tablet=&#8220;&#8220; custom_margin_phone=&#8220;0px||0px||true&#8220; custom_margin_last_edited=&#8220;on|phone&#8220; custom_padding=&#8220;0px|18px|0px|18px|false|true&#8220; animation_style=&#8220;zoom&#8220; animation_intensity_zoom=&#8220;10%&#8220; box_shadow_style=&#8220;preset7&#8243; box_shadow_horizontal=&#8220;0px&#8220; box_shadow_vertical=&#8220;0px&#8220; box_shadow_spread=&#8220;80px&#8220; box_shadow_color=&#8220;#ffffff&#8220; global_colors_info=&#8220;{}&#8220;][et_pb_row _builder_version=&#8220;4.27.4&#8243; _module_preset=&#8220;default&#8220; global_colors_info=&#8220;{}&#8220;][et_pb_column type=&#8220;4_4&#8243; _builder_version=&#8220;4.16&#8243; _module_preset=&#8220;default&#8220; global_colors_info=&#8220;{}&#8220;][et_pb_blurb title=&#8220;Pflichtangaben nach \u00a7 6 Teledienstgesetz (TDG)&#8220; _builder_version=&#8220;4.27.4&#8243; _module_preset=&#8220;default&#8220; header_font=&#8220;|700|||||||&#8220; hover_enabled=&#8220;0&#8243; global_colors_info=&#8220;{}&#8220; sticky_enabled=&#8220;0&#8243;]<\/p>\n<p>Diese Homepage und die ihr unmittelbar nachgeordneten Seiten sind ein Angebot von<\/p>\n<p>Th\u00fcringer LandFrauenverband e.V.<br \/>Alfred-Hess-Stra\u00dfe 8<br \/>99094 Erfurt<br \/><span>Tel.:<\/span><span>\u00a0+49 361 60 27 90 1<br \/><\/span><span>Fax: +49 361 65 78 29 6<\/span><\/p>\n<p>E-Mail:<span>\u00a0<\/span><a href=\"mailto:info@tlv-erfurt.de\">info@tlv-erfurt.de<\/a><\/p>\n<p>Vorsitzende: Susann Goldhammer<br \/>Gesch\u00e4ftsf\u00fchrerin: <span>Sarah Br\u00fcckner<\/span><span><\/span><\/p>\n<p>Umsatzsteuer-Identifikationsnummer gem\u00e4\u00df \u00a7 27 a Umsatzsteuergesetz:\u00a0151\/142\/07664<\/p>\n<p>Webmaster:<br \/>Nicole Frisch<\/p>\n<p>Th\u00fcringer LandFrauenverband e.V.<br \/>Alfred-Hess-Stra\u00dfe 8<br \/>99094 Erfurt<br \/><span>Tel.:<\/span><span>\u00a0+49 361 60 27 90 1<\/span><\/p>\n<p>E-Mail: <a href=\"mailto:info@tlv-erfurt.de\">frisch@tlv-erfurt.de<\/a><\/p>\n<p>Startseite:<\/p>\n<p><span>Video von\u00a0<\/span><a href=\"https:\/\/pixabay.com\/de\/users\/u_eaxvgbsqfi-25971336\/?utm_source=link-attribution&amp;utm_medium=referral&amp;utm_campaign=video&amp;utm_content=109511\">u_eaxvgbsqfi<\/a><span>\u00a0\/\u00a0<\/span><a href=\"https:\/\/pixabay.com\/de\/\/?utm_source=link-attribution&amp;utm_medium=referral&amp;utm_campaign=video&amp;utm_content=109511\">Pixabay<\/a><\/p>\n<p>&nbsp;<\/p>\n<p>[\/et_pb_blurb][et_pb_blurb title=&#8220;Haftungsausschluss&#8220; _builder_version=&#8220;4.16&#8243; _module_preset=&#8220;default&#8220; header_font=&#8220;|700|||||||&#8220; global_colors_info=&#8220;{}&#8220;]<\/p>\n<p style=\"text-align: justify;\">Alle in unseren Internetseiten enthaltenen Angaben und Informationen wurden sorgf\u00e4ltig recherchiert und gepr\u00fcft. Alle Angaben erfolgen aber dennoch ohne Gew\u00e4hr. Druckfehler und Irrt\u00fcmer vorbehalten. Wir behalten uns ausdr\u00fccklich das Recht vor, jederzeit und ohne Vorank\u00fcndigungen \u00c4nderungen, Erg\u00e4nzungen oder L\u00f6schungen der bereitgestellten Informationen oder Links vorzunehmen. Unser Angebot ist freibleibend. F\u00fcr Richtigkeit, Vollst\u00e4ndigkeit und Aktualit\u00e4t, insbesondere f\u00fcr Zahlenangaben, Termine, Fristen oder Namen, wird keine Haftung \u00fcbernommen. Dies gilt auch f\u00fcr alle Verbindungen, auf die diese Web-Site direkt oder indirekt verweist.<\/p>\n<h4>F\u00fcr alle Links gilt:<\/h4>\n<p style=\"text-align: justify;\">Dass wir keinerlei Einfluss auf die Gestaltung und die Inhalte der von uns gelinkten Seiten haben. Deshalb distanzieren wir uns hiermit ausdr\u00fccklich von allen Inhalten aller gelinkten Seiten auf unserer Homepage und machen uns ihre Inhalte nicht zu eigen. Wir \u00fcbernehmen keinerlei Haftung f\u00fcr die Inhalte der Seiten, auf die von unseren eigenen Internetseiten aus verwiesen wird. Des weiteren k\u00f6nnen unsere Internetseiten ohne unser Wissen von einer anderen Seite verlinkt worden sein. Wir \u00fcbernehmen keine Verantwortung f\u00fcr die Inhalte dieser verlinkenden Internetseiten Dritter. Dies gilt auch f\u00fcr alle Dateien aus den Webseiten dieser Homepage oder Homepages Dritter, die per Download verf\u00fcgbar sind. Anspr\u00fcche aus m\u00f6glichen Softwaresch\u00e4den durch Download &#8211; Dateien oder Computerviren k\u00f6nnen nicht abgeleitet werden Hinweis zu allen externen Links der Internetpr\u00e4senz des Th\u00fcringer Bauernverbandes.<\/p>\n<p style=\"text-align: justify;\">Mit dem Urteil vom 12. Mai 1998 &#8211; 312 O 85\/98 &#8211; &#8222;Haftung f\u00fcr Links&#8220; hat das Landgericht (LG) Hamburg entschieden, dass man durch die Anbringung eines Links, die Inhalte der gelinkten Seite ggf. mit zu verantworten hat. Dies kann &#8211; so das LG &#8211; nur dadurch verhindert werden, dass man sich ausdr\u00fccklich von diesen Inhalten distanziert. (Das Urteil ist nachzulesen unter www.online-recht.de.)Somit distanziert sich der Th\u00fcringer Landfrauenverband e.V.ausdr\u00fccklich von allen Inhalten aller externen gelinkten Seiten auf dieser Internetpr\u00e4senz.<\/p>\n<p>[\/et_pb_blurb][et_pb_blurb title=&#8220;Soziale Medien&#8220; _builder_version=&#8220;4.16&#8243; _module_preset=&#8220;default&#8220; header_font=&#8220;|700|||||||&#8220; global_colors_info=&#8220;{}&#8220;]<\/p>\n<p style=\"text-align: justify;\">Der Th\u00fcringer Landfrauenverband in den sozialen Medien:<br \/> Dieses Impressum gilt auch f\u00fcr die Pr\u00e4senzen des Th\u00fcringer Landfrauenverband im sozialen Netzwerk Facebook.<\/p>\n<p style=\"text-align: justify;\">Bitte beachten Sie, dass der Th\u00fcringer Landfrauenverband keinen Einfluss auf die Nutzungsbedingungen der sozialen Netzwerke und der von ihnen angebotenen Dienste sowie auf die Datenerhebung und deren weitere Verwendung hat. Wir behandeln Ihre Daten mit h\u00f6chster Sorgfalt, \u00fcbernehmen aber keine Haftung f\u00fcr das Verhalten der Betreiber der sozialen Netzwerke sowie Dritter.<\/p>\n<p>[\/et_pb_blurb][\/et_pb_column][\/et_pb_row][\/et_pb_section][et_pb_section fb_built=&#8220;1&#8243; prev_background_color=&#8220;#ffffff&#8220; admin_label=&#8220;Subscribe&#8220; _builder_version=&#8220;4.16&#8243; background_color=&#8220;rgba(0,0,0,0)&#8220; custom_margin=&#8220;|||&#8220; custom_padding=&#8220;9vw|0|0px||false|false&#8220; top_divider_style=&#8220;wave&#8220; top_divider_height=&#8220;6vw&#8220; global_colors_info=&#8220;{}&#8220;][et_pb_row column_structure=&#8220;1_3,1_3,1_3&#8243; _builder_version=&#8220;4.16&#8243; _module_preset=&#8220;default&#8220; global_colors_info=&#8220;{}&#8220;][et_pb_column type=&#8220;1_3&#8243; _builder_version=&#8220;4.16&#8243; _module_preset=&#8220;default&#8220; global_colors_info=&#8220;{}&#8220;][et_pb_image src=&#8220;https:\/\/www.thueringer-landfrauenverband.info\/wp-content\/uploads\/2025\/04\/tmil.jpg&#8220; title_text=&#8220;tmil&#8220; _builder_version=&#8220;4.27.4&#8243; _module_preset=&#8220;default&#8220; width=&#8220;100%&#8220; custom_margin=&#8220;-1px|||37px|false|false&#8220; global_colors_info=&#8220;{}&#8220;][\/et_pb_image][\/et_pb_column][et_pb_column type=&#8220;1_3&#8243; _builder_version=&#8220;4.27.4&#8243; _module_preset=&#8220;default&#8220; global_colors_info=&#8220;{}&#8220;][et_pb_text _builder_version=&#8220;4.27.4&#8243; _module_preset=&#8220;default&#8220; custom_padding=&#8220;|||109px|false|false&#8220; global_colors_info=&#8220;{}&#8220;]<\/p>\n<p>Gef\u00f6rdert durch<\/p>\n<p>[\/et_pb_text][\/et_pb_column][et_pb_column type=&#8220;1_3&#8243; _builder_version=&#8220;4.16&#8243; _module_preset=&#8220;default&#8220; global_colors_info=&#8220;{}&#8220;][et_pb_image src=&#8220;https:\/\/www.thueringer-landfrauenverband.info\/wp-content\/uploads\/2025\/04\/tmwwdg_logo.jpg&#8220; title_text=&#8220;tmwwdg_logo&#8220; _builder_version=&#8220;4.27.4&#8243; _module_preset=&#8220;default&#8220; max_width=&#8220;49%&#8220; min_height=&#8220;100px&#8220; global_colors_info=&#8220;{}&#8220;][\/et_pb_image][\/et_pb_column][\/et_pb_row][\/et_pb_section]<\/p>\n","protected":false},"excerpt":{"rendered":"<p>ImpressumDiese Homepage und die ihr unmittelbar nachgeordneten Seiten sind ein Angebot von Th\u00fcringer LandFrauenverband e.V.Alfred-Hess-Stra\u00dfe 899094 ErfurtTel.:\u00a0+49 361 60 27 90 1Fax: +49 361 65 78 29 6 E-Mail:\u00a0info@tlv-erfurt.de Vorsitzende: Susann GoldhammerGesch\u00e4ftsf\u00fchrerin: Sarah Br\u00fcckner Umsatzsteuer-Identifikationsnummer gem\u00e4\u00df \u00a7 27 a Umsatzsteuergesetz:\u00a0151\/142\/07664 Webmaster:Nicole Frisch Th\u00fcringer LandFrauenverband e.V.Alfred-Hess-Stra\u00dfe 899094 ErfurtTel.:\u00a0+49 361 60 27 90 1 E-Mail: frisch@tlv-erfurt.de Startseite: [&hellip;]<\/p>\n","protected":false},"author":1,"featured_media":0,"parent":0,"menu_order":0,"comment_status":"closed","ping_status":"closed","template":"","meta":{"_et_pb_use_builder":"on","_et_pb_old_content":"","_et_gb_content_width":"","footnotes":""},"class_list":["post-726","page","type-page","status-publish","hentry"],"_links":{"self":[{"href":"https:\/\/www.thueringer-landfrauenverband.info\/index.php?rest_route=\/wp\/v2\/pages\/726","targetHints":{"allow":["GET"]}}],"collection":[{"href":"https:\/\/www.thueringer-landfrauenverband.info\/index.php?rest_route=\/wp\/v2\/pages"}],"about":[{"href":"https:\/\/www.thueringer-landfrauenverband.info\/index.php?rest_route=\/wp\/v2\/types\/page"}],"author":[{"embeddable":true,"href":"https:\/\/www.thueringer-landfrauenverband.info\/index.php?rest_route=\/wp\/v2\/users\/1"}],"replies":[{"embeddable":true,"href":"https:\/\/www.thueringer-landfrauenverband.info\/index.php?rest_route=%2Fwp%2Fv2%2Fcomments&post=726"}],"version-history":[{"count":23,"href":"https:\/\/www.thueringer-landfrauenverband.info\/index.php?rest_route=\/wp\/v2\/pages\/726\/revisions"}],"predecessor-version":[{"id":4968,"href":"https:\/\/www.thueringer-landfrauenverband.info\/index.php?rest_route=\/wp\/v2\/pages\/726\/revisions\/4968"}],"wp:attachment":[{"href":"https:\/\/www.thueringer-landfrauenverband.info\/index.php?rest_route=%2Fwp%2Fv2%2Fmedia&parent=726"}],"curies":[{"name":"wp","href":"https:\/\/api.w.org\/{rel}","templated":true}]}}